{"id":28,"date":"2022-07-16T16:03:03","date_gmt":"2022-07-16T19:03:03","guid":{"rendered":"http:\/\/fabricadesoft.com.br\/?page_id=28"},"modified":"2023-05-24T16:14:56","modified_gmt":"2023-05-24T19:14:56","slug":"ethics-features","status":"publish","type":"page","link":"https:\/\/fabricadesoft.com.br\/?page_id=28","title":{"rendered":"Para sua Empresa"},"content":{"rendered":"\n<p>Conhe\u00e7a algumas de nossas solu\u00e7\u00f5es para o seu neg\u00f3cio<\/p>\n","protected":false},"excerpt":{"rendered":"<p>Conhe\u00e7a algumas de nossas solu\u00e7\u00f5es para o seu neg\u00f3cio<\/p>\n","protected":false},"author":1,"featured_media":17,"parent":0,"menu_order":0,"comment_status":"closed","ping_status":"closed","template":"","meta":{"footnotes":""},"class_list":["post-28","page","type-page","status-publish","has-post-thumbnail","hentry"],"_links":{"self":[{"href":"https:\/\/fabricadesoft.com.br\/index.php?rest_route=\/wp\/v2\/pages\/28","targetHints":{"allow":["GET"]}}],"collection":[{"href":"https:\/\/fabricadesoft.com.br\/index.php?rest_route=\/wp\/v2\/pages"}],"about":[{"href":"https:\/\/fabricadesoft.com.br\/index.php?rest_route=\/wp\/v2\/types\/page"}],"author":[{"embeddable":true,"href":"https:\/\/fabricadesoft.com.br\/index.php?rest_route=\/wp\/v2\/users\/1"}],"replies":[{"embeddable":true,"href":"https:\/\/fabricadesoft.com.br\/index.php?rest_route=%2Fwp%2Fv2%2Fcomments&post=28"}],"version-history":[{"count":8,"href":"https:\/\/fabricadesoft.com.br\/index.php?rest_route=\/wp\/v2\/pages\/28\/revisions"}],"predecessor-version":[{"id":384,"href":"https:\/\/fabricadesoft.com.br\/index.php?rest_route=\/wp\/v2\/pages\/28\/revisions\/384"}],"wp:featuredmedia":[{"embeddable":true,"href":"https:\/\/fabricadesoft.com.br\/index.php?rest_route=\/wp\/v2\/media\/17"}],"wp:attachment":[{"href":"https:\/\/fabricadesoft.com.br\/index.php?rest_route=%2Fwp%2Fv2%2Fmedia&parent=28"}],"curies":[{"name":"wp","href":"https:\/\/api.w.org\/{rel}","templated":true}]}}