{"id":29,"date":"2022-07-16T16:03:03","date_gmt":"2022-07-16T19:03:03","guid":{"rendered":"http:\/\/fabricadesoft.com.br\/?page_id=29"},"modified":"2023-05-24T16:12:20","modified_gmt":"2023-05-24T19:12:20","slug":"plugin-supports","status":"publish","type":"page","link":"https:\/\/fabricadesoft.com.br\/?page_id=29","title":{"rendered":"Para seu Provedor"},"content":{"rendered":"<p>Conhe\u00e7a algumas integra\u00e7\u00f5es para seu provedor.<\/p>\n","protected":false},"excerpt":{"rendered":"<p>Conhe\u00e7a algumas integra\u00e7\u00f5es para seu provedor.<\/p>\n","protected":false},"author":1,"featured_media":18,"parent":0,"menu_order":0,"comment_status":"closed","ping_status":"closed","template":"","meta":{"footnotes":""},"class_list":["post-29","page","type-page","status-publish","has-post-thumbnail","hentry"],"_links":{"self":[{"href":"https:\/\/fabricadesoft.com.br\/index.php?rest_route=\/wp\/v2\/pages\/29","targetHints":{"allow":["GET"]}}],"collection":[{"href":"https:\/\/fabricadesoft.com.br\/index.php?rest_route=\/wp\/v2\/pages"}],"about":[{"href":"https:\/\/fabricadesoft.com.br\/index.php?rest_route=\/wp\/v2\/types\/page"}],"author":[{"embeddable":true,"href":"https:\/\/fabricadesoft.com.br\/index.php?rest_route=\/wp\/v2\/users\/1"}],"replies":[{"embeddable":true,"href":"https:\/\/fabricadesoft.com.br\/index.php?rest_route=%2Fwp%2Fv2%2Fcomments&post=29"}],"version-history":[{"count":3,"href":"https:\/\/fabricadesoft.com.br\/index.php?rest_route=\/wp\/v2\/pages\/29\/revisions"}],"predecessor-version":[{"id":382,"href":"https:\/\/fabricadesoft.com.br\/index.php?rest_route=\/wp\/v2\/pages\/29\/revisions\/382"}],"wp:featuredmedia":[{"embeddable":true,"href":"https:\/\/fabricadesoft.com.br\/index.php?rest_route=\/wp\/v2\/media\/18"}],"wp:attachment":[{"href":"https:\/\/fabricadesoft.com.br\/index.php?rest_route=%2Fwp%2Fv2%2Fmedia&parent=29"}],"curies":[{"name":"wp","href":"https:\/\/api.w.org\/{rel}","templated":true}]}}